{"id":56,"date":"2025-09-18T12:18:30","date_gmt":"2025-09-18T12:18:30","guid":{"rendered":"http:\/\/sol-studios.fr\/?page_id=56"},"modified":"2025-09-18T12:56:22","modified_gmt":"2025-09-18T12:56:22","slug":"56-2","status":"publish","type":"page","link":"https:\/\/sol-studios.fr\/","title":{"rendered":"SOL \u2022 Homepage"},"content":{"rendered":"\n<div class=\"wp-block-group alignfull is-style-section-1 has-global-padding is-layout-constrained wp-container-core-group-is-layout-0c9c989a wp-block-group-is-layout-constrained is-style-section-1--1\" style=\"min-height:0vh;margin-top:0;margin-bottom:0;padding-top:var(--wp--preset--spacing--70);padding-right:var(--wp--preset--spacing--40);padding-bottom:var(--wp--preset--spacing--70);padding-left:var(--wp--preset--spacing--40)\">\n<div class=\"wp-block-group has-global-padding is-layout-constrained wp-container-core-group-is-layout-346627ba wp-block-group-is-layout-constrained\">\n<p class=\"has-text-align-left is-style-text-annotation is-style-text-annotation--2\">\u2728<em> <\/em>Ouverture prochaine \u00e0 Paris<\/p>\n\n\n\n<h2 class=\"wp-block-heading has-text-align-center is-style-default\" id=\"schedule-a-visit\" style=\"font-size:clamp(32.969px, 2.061rem + ((1vw - 3.2px) * 2.552), 59px);px;line-height:1.15\"><strong>Votre nouveau studio de danse<\/strong><\/h2>\n\n\n\n<p class=\"has-text-align-center\">Une exp\u00e9rience premium et bienveillante, des cours \u00e0 la carte, un lieu pens\u00e9 pour le&nbsp;<em>l\u00e2cher\u2011prise<\/em>. Inscrivez\u2011vous pour \u00eatre pr\u00e9venu(e) du lancement et des pr\u00e9\u2011ouvertures.<\/p>\n\n\n\n<div class=\"wp-block-buttons is-content-justification-center is-layout-flex wp-container-core-buttons-is-layout-a89b3969 wp-block-buttons-is-layout-flex\">\n<div class=\"wp-block-button\"><a class=\"wp-block-button__link wp-element-button\" href=\"mailto:manon@sol-studios.fr\">Je m&rsquo;inscris<\/a><\/div>\n<\/div>\n<\/div>\n<\/div>\n\n\n\n<div class=\"wp-block-group alignfull is-style-section-1 has-global-padding is-layout-constrained wp-container-core-group-is-layout-ebee8dc1 wp-block-group-is-layout-constrained is-style-section-1--3\" style=\"margin-top:0;margin-bottom:0;padding-top:var(--wp--preset--spacing--50);padding-bottom:var(--wp--preset--spacing--50)\">\n<div class=\"wp-block-columns alignwide is-layout-flex wp-container-core-columns-is-layout-28f84493 wp-block-columns-is-layout-flex\">\n<div class=\"wp-block-column is-layout-flow wp-block-column-is-layout-flow\">\n<figure class=\"wp-block-image size-full\" style=\"margin-bottom:24px\"><img loading=\"lazy\" decoding=\"async\" width=\"1024\" height=\"1024\" src=\"https:\/\/sol-studios.fr\/wp-content\/uploads\/2025\/09\/ChatGPT-Image-4-juin-2025-15_07_54.png\" alt=\"\" class=\"wp-image-57\" style=\"aspect-ratio:4\/3;object-fit:cover\" srcset=\"https:\/\/sol-studios.fr\/wp-content\/uploads\/2025\/09\/ChatGPT-Image-4-juin-2025-15_07_54.png 1024w, https:\/\/sol-studios.fr\/wp-content\/uploads\/2025\/09\/ChatGPT-Image-4-juin-2025-15_07_54-300x300.png 300w, https:\/\/sol-studios.fr\/wp-content\/uploads\/2025\/09\/ChatGPT-Image-4-juin-2025-15_07_54-150x150.png 150w, https:\/\/sol-studios.fr\/wp-content\/uploads\/2025\/09\/ChatGPT-Image-4-juin-2025-15_07_54-768x768.png 768w\" sizes=\"auto, (max-width: 1024px) 100vw, 1024px\" \/><\/figure>\n\n\n\n<h3 class=\"wp-block-heading\">Exp\u00e9rience premium<\/h3>\n\n\n\n<p class=\"has-medium-font-size\">Profs attentionn\u00e9s, lieux soign\u00e9s, atmosph\u00e8re unique. La danse comme moment de plaisir et de d\u00e9connexion.<\/p>\n<\/div>\n\n\n\n<div class=\"wp-block-column is-layout-flow wp-block-column-is-layout-flow\">\n<figure class=\"wp-block-image size-full\" style=\"margin-bottom:24px\"><img loading=\"lazy\" decoding=\"async\" width=\"1024\" height=\"1536\" src=\"https:\/\/sol-studios.fr\/wp-content\/uploads\/2025\/09\/Slogan-visuel.png\" alt=\"\" class=\"wp-image-54\" style=\"aspect-ratio:4\/3;object-fit:cover\" srcset=\"https:\/\/sol-studios.fr\/wp-content\/uploads\/2025\/09\/Slogan-visuel.png 1024w, https:\/\/sol-studios.fr\/wp-content\/uploads\/2025\/09\/Slogan-visuel-200x300.png 200w, https:\/\/sol-studios.fr\/wp-content\/uploads\/2025\/09\/Slogan-visuel-683x1024.png 683w, https:\/\/sol-studios.fr\/wp-content\/uploads\/2025\/09\/Slogan-visuel-768x1152.png 768w\" sizes=\"auto, (max-width: 1024px) 100vw, 1024px\" \/><\/figure>\n\n\n\n<h3 class=\"wp-block-heading\">Ultra flexible<\/h3>\n\n\n\n<p class=\"has-medium-font-size\">Venez quand cela vous convient et payez \u00e0 la s\u00e9ance, sans syst\u00e8me de cr\u00e9dits complexe.<\/p>\n<\/div>\n\n\n\n<div class=\"wp-block-column is-layout-flow wp-block-column-is-layout-flow\">\n<figure class=\"wp-block-image size-full\" style=\"margin-bottom:24px\"><img loading=\"lazy\" decoding=\"async\" width=\"1024\" height=\"1024\" src=\"https:\/\/sol-studios.fr\/wp-content\/uploads\/2025\/09\/2-femmes-dansent.png\" alt=\"\" class=\"wp-image-64\" style=\"aspect-ratio:4\/3;object-fit:cover\" srcset=\"https:\/\/sol-studios.fr\/wp-content\/uploads\/2025\/09\/2-femmes-dansent.png 1024w, https:\/\/sol-studios.fr\/wp-content\/uploads\/2025\/09\/2-femmes-dansent-300x300.png 300w, https:\/\/sol-studios.fr\/wp-content\/uploads\/2025\/09\/2-femmes-dansent-150x150.png 150w, https:\/\/sol-studios.fr\/wp-content\/uploads\/2025\/09\/2-femmes-dansent-768x768.png 768w\" sizes=\"auto, (max-width: 1024px) 100vw, 1024px\" \/><\/figure>\n\n\n\n<h3 class=\"wp-block-heading\">Communaut\u00e9<\/h3>\n\n\n\n<p class=\"has-medium-font-size\">\u00c9v\u00e9nements r\u00e9guliers, workshops, collaborations \u2014 une marque qui vit et rassemble au\u2011del\u00e0 du studio.<\/p>\n<\/div>\n<\/div>\n<\/div>\n","protected":false},"excerpt":{"rendered":"<p>\u2728 Ouverture prochaine \u00e0 Paris Votre nouveau studio de danse Une exp\u00e9rience premium et bienveillante, des cours \u00e0 la carte, un lieu pens\u00e9 pour le&nbsp;l\u00e2cher\u2011prise. Inscrivez\u2011vous pour \u00eatre pr\u00e9venu(e) du lancement et des pr\u00e9\u2011ouvertures. Exp\u00e9rience premium Profs attentionn\u00e9s, lieux soign\u00e9s, atmosph\u00e8re unique. La danse comme moment de plaisir et de d\u00e9connexion. Ultra flexible Venez quand [&hellip;]<\/p>\n","protected":false},"author":1,"featured_media":0,"parent":0,"menu_order":0,"comment_status":"closed","ping_status":"closed","template":"","meta":{"footnotes":""},"class_list":["post-56","page","type-page","status-publish","hentry"],"_links":{"self":[{"href":"https:\/\/sol-studios.fr\/index.php?rest_route=\/wp\/v2\/pages\/56","targetHints":{"allow":["GET"]}}],"collection":[{"href":"https:\/\/sol-studios.fr\/index.php?rest_route=\/wp\/v2\/pages"}],"about":[{"href":"https:\/\/sol-studios.fr\/index.php?rest_route=\/wp\/v2\/types\/page"}],"author":[{"embeddable":true,"href":"https:\/\/sol-studios.fr\/index.php?rest_route=\/wp\/v2\/users\/1"}],"replies":[{"embeddable":true,"href":"https:\/\/sol-studios.fr\/index.php?rest_route=%2Fwp%2Fv2%2Fcomments&post=56"}],"version-history":[{"count":8,"href":"https:\/\/sol-studios.fr\/index.php?rest_route=\/wp\/v2\/pages\/56\/revisions"}],"predecessor-version":[{"id":93,"href":"https:\/\/sol-studios.fr\/index.php?rest_route=\/wp\/v2\/pages\/56\/revisions\/93"}],"wp:attachment":[{"href":"https:\/\/sol-studios.fr\/index.php?rest_route=%2Fwp%2Fv2%2Fmedia&parent=56"}],"curies":[{"name":"wp","href":"https:\/\/api.w.org\/{rel}","templated":true}]}}